{"id":599,"date":"2025-12-19T09:54:07","date_gmt":"2025-12-19T09:54:07","guid":{"rendered":"https:\/\/shiftscoffee.app\/?page_id=599"},"modified":"2026-03-23T13:58:52","modified_gmt":"2026-03-23T13:58:52","slug":"contact","status":"publish","type":"page","link":"https:\/\/shiftscoffee.app\/index.php\/contact\/","title":{"rendered":"contact"},"content":{"rendered":"\t\t<div data-elementor-type=\"wp-page\" data-elementor-id=\"599\" class=\"elementor elementor-599\" data-elementor-settings=\"{&quot;element_pack_global_tooltip_width&quot;:{&quot;unit&quot;:&quot;px&quot;,&quot;size&quot;:&quot;&quot;,&quot;sizes&quot;:[]},&quot;element_pack_global_tooltip_width_tablet&quot;:{&quot;unit&quot;:&quot;px&quot;,&quot;size&quot;:&quot;&quot;,&quot;sizes&quot;:[]},&quot;element_pack_global_tooltip_width_mobile&quot;:{&quot;unit&quot;:&quot;px&quot;,&quot;size&quot;:&quot;&quot;,&quot;sizes&quot;:[]},&quot;element_pack_global_tooltip_padding&quot;:{&quot;unit&quot;:&quot;px&quot;,&quot;top&quot;:&quot;&quot;,&quot;right&quot;:&quot;&quot;,&quot;bottom&quot;:&quot;&quot;,&quot;left&quot;:&quot;&quot;,&quot;isLinked&quot;:true},&quot;element_pack_global_tooltip_padding_tablet&quot;:{&quot;unit&quot;:&quot;px&quot;,&quot;top&quot;:&quot;&quot;,&quot;right&quot;:&quot;&quot;,&quot;bottom&quot;:&quot;&quot;,&quot;left&quot;:&quot;&quot;,&quot;isLinked&quot;:true},&quot;element_pack_global_tooltip_padding_mobile&quot;:{&quot;unit&quot;:&quot;px&quot;,&quot;top&quot;:&quot;&quot;,&quot;right&quot;:&quot;&quot;,&quot;bottom&quot;:&quot;&quot;,&quot;left&quot;:&quot;&quot;,&quot;isLinked&quot;:true},&quot;element_pack_global_tooltip_border_radius&quot;:{&quot;unit&quot;:&quot;px&quot;,&quot;top&quot;:&quot;&quot;,&quot;right&quot;:&quot;&quot;,&quot;bottom&quot;:&quot;&quot;,&quot;left&quot;:&quot;&quot;,&quot;isLinked&quot;:true},&quot;element_pack_global_tooltip_border_radius_tablet&quot;:{&quot;unit&quot;:&quot;px&quot;,&quot;top&quot;:&quot;&quot;,&quot;right&quot;:&quot;&quot;,&quot;bottom&quot;:&quot;&quot;,&quot;left&quot;:&quot;&quot;,&quot;isLinked&quot;:true},&quot;element_pack_global_tooltip_border_radius_mobile&quot;:{&quot;unit&quot;:&quot;px&quot;,&quot;top&quot;:&quot;&quot;,&quot;right&quot;:&quot;&quot;,&quot;bottom&quot;:&quot;&quot;,&quot;left&quot;:&quot;&quot;,&quot;isLinked&quot;:true}}\" data-elementor-post-type=\"page\">\n\t\t\t\t<div class=\"elementor-element elementor-element-279d2ce8 e-flex e-con-boxed e-con e-parent\" data-id=\"279d2ce8\" data-element_type=\"container\" data-settings=\"{&quot;background_background&quot;:&quot;classic&quot;}\">\n\t\t\t\t\t<div class=\"e-con-inner\">\n\t\t<div class=\"elementor-element elementor-element-3726e29f e-con-full e-flex e-con e-child\" data-id=\"3726e29f\" data-element_type=\"container\">\n\t\t\t\t<div class=\"elementor-element elementor-element-be72008 elementor-widget elementor-widget-image\" data-id=\"be72008\" data-element_type=\"widget\" data-widget_type=\"image.default\">\n\t\t\t\t<div class=\"elementor-widget-container\">\n\t\t\t\t\t\t\t\t\t\t\t\t\t\t\t<img fetchpriority=\"high\" decoding=\"async\" width=\"1000\" height=\"959\" src=\"https:\/\/shiftscoffee.app\/wp-content\/uploads\/2025\/12\/Group_1-1024x982.png\" class=\"attachment-large size-large wp-image-568\" alt=\"\" srcset=\"https:\/\/shiftscoffee.app\/wp-content\/uploads\/2025\/12\/Group_1-1024x982.png 1024w, https:\/\/shiftscoffee.app\/wp-content\/uploads\/2025\/12\/Group_1-300x288.png 300w, https:\/\/shiftscoffee.app\/wp-content\/uploads\/2025\/12\/Group_1-768x736.png 768w, https:\/\/shiftscoffee.app\/wp-content\/uploads\/2025\/12\/Group_1-1536x1472.png 1536w, https:\/\/shiftscoffee.app\/wp-content\/uploads\/2025\/12\/Group_1-2048x1963.png 2048w, https:\/\/shiftscoffee.app\/wp-content\/uploads\/2025\/12\/Group_1-650x623.png 650w\" sizes=\"(max-width: 1000px) 100vw, 1000px\" \/>\t\t\t\t\t\t\t\t\t\t\t\t\t\t\t<\/div>\n\t\t\t\t<\/div>\n\t\t\t\t<\/div>\n\t\t<div class=\"elementor-element elementor-element-67931046 e-con-full e-flex e-con e-child\" data-id=\"67931046\" data-element_type=\"container\">\n\t\t\t\t<div class=\"elementor-element elementor-element-2e0b219 elementor-widget__width-initial ui-e-a-animate elementor-invisible elementor-widget elementor-widget-highlighted-text\" data-id=\"2e0b219\" data-element_type=\"widget\" data-settings=\"{&quot;_animation_delay&quot;:800,&quot;_animation&quot;:&quot;fadeInUp&quot;}\" data-widget_type=\"highlighted-text.default\">\n\t\t\t\t<div class=\"elementor-widget-container\">\n\t\t\t\t\t        <h2 class=\"ui-e--highlighted-text\">\n            <span class=\"ui-e-headline-text elementor-repeater-item-9fd8297\">Nous contacter : <\/span>        <\/h2>\n    \t\t\t\t<\/div>\n\t\t\t\t<\/div>\n\t\t\t\t<div class=\"elementor-element elementor-element-78939347 ui-e-submit-align--stretch elementor-invisible elementor-widget elementor-widget-uicore-contact-form\" data-id=\"78939347\" data-element_type=\"widget\" data-settings=\"{&quot;_animation_delay&quot;:&quot;800&quot;,&quot;_animation&quot;:&quot;fadeInUp&quot;}\" data-widget_type=\"uicore-contact-form.default\">\n\t\t\t\t<div class=\"elementor-widget-container\">\n\t\t\t\t\t\n        <form class=\"ui-e-form\" method=\"post\" name=\"New Form\">\n\n            <input type=\"hidden\" name=\"post_id\" value=\"599\" \/>\n            <input type=\"hidden\" name=\"widget_type\" value=\"contact-form\">\n\n            <input type=\"hidden\" name=\"required_fields_message\" value=\"Fill all required fields.\">\n\n            <div class=\"ui-e-fields-wrp\">\n\n                \n                    <div class=\"ui-e-field-type-text ui-e-field-group elementor-column ui-e-field-group-name elementor-col-50\">\n                                                    <label for=\"form-field-name\" class=\"ui-e-label elementor-screen-only\">\n                                Name                            <\/label>\n                                                            <input size=\"1\" type=\"text\" name=\"form_fields[name]\" id=\"form-field-name\" class=\"ui-e-field  ui-e-field-textual\" placeholder=\"John\">\n                                            <\/div>\n\n                \n                    <div class=\"ui-e-field-type-text ui-e-field-group elementor-column ui-e-field-group-field_79j20o8 elementor-col-50\">\n                                                        <input size=\"1\" type=\"text\" name=\"form_fields[field_79j20o8]\" id=\"form-field-field_79j20o8\" class=\"ui-e-field  ui-e-field-textual\" placeholder=\"Doe\">\n                                            <\/div>\n\n                \n                    <div class=\"ui-e-field-type-email ui-e-field-group elementor-column ui-e-field-group-email elementor-col-100 \">\n                                                    <label for=\"form-field-email\" class=\"ui-e-label elementor-screen-only\">\n                                Email                            <\/label>\n                                                            <input size=\"1\" type=\"email\" name=\"form_fields[email]\" id=\"form-field-email\" class=\"ui-e-field  ui-e-field-textual\" placeholder=\"johndoe@gmail.com\" required=\"required\" aria-required=\"true\">\n                                            <\/div>\n\n                \n                <div class=\"ui-e-field-group elementor-column ui-e-field-type-submit elementor-col-30 e-form__buttons\">\n                    <button type=\"submit\" class=\"elementor-button\">\n                        <span >\n                                                            <span class=\"\">\n                                                                                                        <\/span>\n                                                                                        <span class=\"ui-e-text\">Envoyer<\/span>\n                                                    <\/span>\n                    <\/button>\n                <\/div>\n\n            <\/div>\n\n            <div class=\"ui-e-message \">\n                            <\/div>\n        <\/form>\n                <script>\n            window.ui_e_form_validation_messages = {\"required_fields\":\"Fill all required fields.\"};\n        <\/script>\n\t\t\t\t<\/div>\n\t\t\t\t<\/div>\n\t\t\t\t<\/div>\n\t\t\t\t\t<\/div>\n\t\t\t\t<\/div>\n\t\t<div class=\"elementor-element elementor-element-55e93ec e-flex e-con-boxed e-con e-parent\" data-id=\"55e93ec\" data-element_type=\"container\" data-settings=\"{&quot;background_background&quot;:&quot;classic&quot;}\">\n\t\t\t\t\t<div class=\"e-con-inner\">\n\t\t<div class=\"elementor-element elementor-element-1d0ef71 e-con-full e-flex e-con e-child\" data-id=\"1d0ef71\" data-element_type=\"container\">\n\t\t\t\t<div class=\"elementor-element elementor-element-14fd16b elementor-widget elementor-widget-heading\" data-id=\"14fd16b\" data-element_type=\"widget\" data-widget_type=\"heading.default\">\n\t\t\t\t<div class=\"elementor-widget-container\">\n\t\t\t\t\t<h2 class=\"elementor-heading-title elementor-size-default\">FAQ<\/h2>\t\t\t\t<\/div>\n\t\t\t\t<\/div>\n\t\t\t\t<div class=\"elementor-element elementor-element-3655387 elementor-widget elementor-widget-text-editor\" data-id=\"3655387\" data-element_type=\"widget\" data-widget_type=\"text-editor.default\">\n\t\t\t\t<div class=\"elementor-widget-container\">\n\t\t\t\t\t\t\t\t\t<p>La r\u00e9ponse \u00e0 vos questions les plus fr\u00e9quentes<\/p>\t\t\t\t\t\t\t\t<\/div>\n\t\t\t\t<\/div>\n\t\t\t\t<div class=\"elementor-element elementor-element-58c7b7b ui-e-animation-acc-basic ui-e-animation-ico-fade elementor-widget elementor-widget-uicore-accordion\" data-id=\"58c7b7b\" data-element_type=\"widget\" data-settings=\"{&quot;collapsible&quot;:&quot;true&quot;,&quot;active_hash&quot;:&quot;no&quot;,&quot;accordion_animation&quot;:&quot;ui-e-animation-acc-basic&quot;}\" data-widget_type=\"uicore-accordion.default\">\n\t\t\t\t<div class=\"elementor-widget-container\">\n\t\t\t\t\t        <div class=\"ui-e-accordion\" >\n\n                            <div class=\"ui-e-accordion-item ui-e-item ui-open\" role=\"button\" tabindex=\"0\" aria-expanded=\"true\" aria-controls=\"ui-e-acc-1\" id=\"ui-e-ou-shifts-est-elle-disponible\">\n\n                    <h5 class=\"ui-e-accordion-title ui-e-title ui-right\">\n\n                                                    <span class=\"ui-e-accordion-icon ui-e-icon ui-e-right\" aria-hidden=\"true\">\n\n                                <span class=\"ui-e-accordion-icon-closed\">\n                                    <svg aria-hidden=\"true\" class=\"e-font-icon-svg e-fas-chevron-down\" viewBox=\"0 0 448 512\" xmlns=\"http:\/\/www.w3.org\/2000\/svg\"><path d=\"M207.029 381.476L12.686 187.132c-9.373-9.373-9.373-24.569 0-33.941l22.667-22.667c9.357-9.357 24.522-9.375 33.901-.04L224 284.505l154.745-154.021c9.379-9.335 24.544-9.317 33.901.04l22.667 22.667c9.373 9.373 9.373 24.569 0 33.941L240.971 381.476c-9.373 9.372-24.569 9.372-33.942 0z\"><\/path><\/svg>                                <\/span>\n\n                                                                    <span class=\"ui-e-accordion-icon-opened\">\n                                        <svg aria-hidden=\"true\" class=\"e-font-icon-svg e-fas-minus\" viewBox=\"0 0 448 512\" xmlns=\"http:\/\/www.w3.org\/2000\/svg\"><path d=\"M416 208H32c-17.67 0-32 14.33-32 32v32c0 17.67 14.33 32 32 32h384c17.67 0 32-14.33 32-32v-32c0-17.67-14.33-32-32-32z\"><\/path><\/svg>                                    <\/span>\n                                \n                            <\/span>\n                        \n                                                <span class=\"ui-e-accordion-title-text ui-e-title-text\" >\n                                                        O\u00f9 SHIFTS est-elle disponible ?                        <\/span>\n\n                    <\/h5>\n\n                    <div class=\"ui-e-accordion-content ui-e-content\" style=\"\" aria-labelledby=\"ui-e-ou-shifts-est-elle-disponible\" id=\"ui-e-acc-1\">\n                        <p>Pour l\u2019instant, SHIFTS est disponible partout mais accessible uniquement aux entreprises fran\u00e7aises.<\/p>                    <\/div>\n\n                <\/div>\n                            <div class=\"ui-e-accordion-item ui-e-item\" role=\"button\" tabindex=\"0\" aria-expanded=\"false\" aria-controls=\"ui-e-acc-2\" id=\"ui-e-comment-shifts-securise-t-elle-les-profils\">\n\n                    <h5 class=\"ui-e-accordion-title ui-e-title ui-right\">\n\n                                                    <span class=\"ui-e-accordion-icon ui-e-icon ui-e-right\" aria-hidden=\"true\">\n\n                                <span class=\"ui-e-accordion-icon-closed\">\n                                    <svg aria-hidden=\"true\" class=\"e-font-icon-svg e-fas-chevron-down\" viewBox=\"0 0 448 512\" xmlns=\"http:\/\/www.w3.org\/2000\/svg\"><path d=\"M207.029 381.476L12.686 187.132c-9.373-9.373-9.373-24.569 0-33.941l22.667-22.667c9.357-9.357 24.522-9.375 33.901-.04L224 284.505l154.745-154.021c9.379-9.335 24.544-9.317 33.901.04l22.667 22.667c9.373 9.373 9.373 24.569 0 33.941L240.971 381.476c-9.373 9.372-24.569 9.372-33.942 0z\"><\/path><\/svg>                                <\/span>\n\n                                                                    <span class=\"ui-e-accordion-icon-opened\">\n                                        <svg aria-hidden=\"true\" class=\"e-font-icon-svg e-fas-minus\" viewBox=\"0 0 448 512\" xmlns=\"http:\/\/www.w3.org\/2000\/svg\"><path d=\"M416 208H32c-17.67 0-32 14.33-32 32v32c0 17.67 14.33 32 32 32h384c17.67 0 32-14.33 32-32v-32c0-17.67-14.33-32-32-32z\"><\/path><\/svg>                                    <\/span>\n                                \n                            <\/span>\n                        \n                                                <span class=\"ui-e-accordion-title-text ui-e-title-text\" >\n                                                        Comment SHIFTS s\u00e9curise-t-elle les profils ?                        <\/span>\n\n                    <\/h5>\n\n                    <div class=\"ui-e-accordion-content ui-e-content\" style=\"display:none;\" aria-labelledby=\"ui-e-comment-shifts-securise-t-elle-les-profils\" id=\"ui-e-acc-2\">\n                        <p>Nous v\u00e9rifions les num\u00e9ros d\u2019immatriculation des entreprises et auto-entreprises, ainsi que les identit\u00e9s.<\/p>                    <\/div>\n\n                <\/div>\n                            <div class=\"ui-e-accordion-item ui-e-item\" role=\"button\" tabindex=\"0\" aria-expanded=\"false\" aria-controls=\"ui-e-acc-3\" id=\"ui-e-quels-sont-les-tarifs\">\n\n                    <h5 class=\"ui-e-accordion-title ui-e-title ui-right\">\n\n                                                    <span class=\"ui-e-accordion-icon ui-e-icon ui-e-right\" aria-hidden=\"true\">\n\n                                <span class=\"ui-e-accordion-icon-closed\">\n                                    <svg aria-hidden=\"true\" class=\"e-font-icon-svg e-fas-chevron-down\" viewBox=\"0 0 448 512\" xmlns=\"http:\/\/www.w3.org\/2000\/svg\"><path d=\"M207.029 381.476L12.686 187.132c-9.373-9.373-9.373-24.569 0-33.941l22.667-22.667c9.357-9.357 24.522-9.375 33.901-.04L224 284.505l154.745-154.021c9.379-9.335 24.544-9.317 33.901.04l22.667 22.667c9.373 9.373 9.373 24.569 0 33.941L240.971 381.476c-9.373 9.372-24.569 9.372-33.942 0z\"><\/path><\/svg>                                <\/span>\n\n                                                                    <span class=\"ui-e-accordion-icon-opened\">\n                                        <svg aria-hidden=\"true\" class=\"e-font-icon-svg e-fas-minus\" viewBox=\"0 0 448 512\" xmlns=\"http:\/\/www.w3.org\/2000\/svg\"><path d=\"M416 208H32c-17.67 0-32 14.33-32 32v32c0 17.67 14.33 32 32 32h384c17.67 0 32-14.33 32-32v-32c0-17.67-14.33-32-32-32z\"><\/path><\/svg>                                    <\/span>\n                                \n                            <\/span>\n                        \n                                                <span class=\"ui-e-accordion-title-text ui-e-title-text\" >\n                                                        Quels sont les tarifs ?                        <\/span>\n\n                    <\/h5>\n\n                    <div class=\"ui-e-accordion-content ui-e-content\" style=\"display:none;\" aria-labelledby=\"ui-e-quels-sont-les-tarifs\" id=\"ui-e-acc-3\">\n                        <p data-start=\"6428\" data-end=\"6513\">SHIFTS est gratuite pour les baristas.<\/p><p data-start=\"6428\" data-end=\"6513\">Les entreprises peuvent choisir entre :<\/p><ul data-start=\"6517\" data-end=\"6706\"><li data-start=\"6517\" data-end=\"6540\"><p data-start=\"6519\" data-end=\"6540\">15.99 \u20ac TTC par annonce<\/p><\/li><li data-start=\"6544\" data-end=\"6624\"><p data-start=\"6546\" data-end=\"6624\">Abonnement mensuel \u00e0 49.99 \u20ac TTC (annonces illimit\u00e9es + fonctionnalit\u00e9s premium)<\/p><\/li><li data-start=\"6628\" data-end=\"6706\"><p data-start=\"6630\" data-end=\"6706\">Abonnement annuel \u00e0 549.99 \u20ac TTC (annonces illimit\u00e9es + fonctionnalit\u00e9s premium)<\/p><\/li><\/ul>                    <\/div>\n\n                <\/div>\n                    <\/div>\n\t\t\t\t<\/div>\n\t\t\t\t<\/div>\n\t\t\t\t<\/div>\n\t\t\t\t\t<\/div>\n\t\t\t\t<\/div>\n\t\t<div class=\"elementor-element elementor-element-d3a0b59 e-flex e-con-boxed e-con e-parent\" data-id=\"d3a0b59\" data-element_type=\"container\">\n\t\t\t\t\t<div class=\"e-con-inner\">\n\t\t<div class=\"elementor-element elementor-element-125dd0e e-con-full e-flex e-con e-child\" data-id=\"125dd0e\" data-element_type=\"container\" data-settings=\"{&quot;background_background&quot;:&quot;gradient&quot;}\">\n\t\t<div class=\"elementor-element elementor-element-c6e0a80 e-grid e-con-full e-con e-child\" data-id=\"c6e0a80\" data-element_type=\"container\">\n\t\t<div class=\"elementor-element elementor-element-ed42ce7 e-con-full e-flex e-con e-child\" data-id=\"ed42ce7\" data-element_type=\"container\">\n\t\t\t\t<div class=\"elementor-element elementor-element-4eeefec elementor-widget elementor-widget-heading\" data-id=\"4eeefec\" data-element_type=\"widget\" data-widget_type=\"heading.default\">\n\t\t\t\t<div class=\"elementor-widget-container\">\n\t\t\t\t\t<h2 class=\"elementor-heading-title elementor-size-default\">Pr\u00eat\u2e31e \u00e0 trouver des missions ou \u00e0 recruter ?<\/h2>\t\t\t\t<\/div>\n\t\t\t\t<\/div>\n\t\t\t\t<div class=\"elementor-element elementor-element-be61f03 elementor-widget elementor-widget-text-editor\" data-id=\"be61f03\" data-element_type=\"widget\" data-widget_type=\"text-editor.default\">\n\t\t\t\t<div class=\"elementor-widget-container\">\n\t\t\t\t\t\t\t\t\t<p>Rejoignez SHIFTS d\u00e8s aujourd\u2019hui et r\u00e9volutionnez votre fa\u00e7on de travailler dans le caf\u00e9 de sp\u00e9cialit\u00e9.<\/p>\t\t\t\t\t\t\t\t<\/div>\n\t\t\t\t<\/div>\n\t\t<div class=\"elementor-element elementor-element-96a672c e-grid e-con-full e-con e-child\" data-id=\"96a672c\" data-element_type=\"container\">\n\t\t\t\t<div class=\"elementor-element elementor-element-e0a8619 elementor-align-left elementor-widget elementor-widget-button\" data-id=\"e0a8619\" data-element_type=\"widget\" data-widget_type=\"button.default\">\n\t\t\t\t<div class=\"elementor-widget-container\">\n\t\t\t\t\t\t\t\t\t<div class=\"elementor-button-wrapper\">\n\t\t\t\t\t<a class=\"elementor-button elementor-button-link elementor-size-sm\" href=\"https:\/\/apps.apple.com\/fr\/app\/shifts-connect-work-earn\/id6755525796\">\n\t\t\t\t\t\t<span class=\"elementor-button-content-wrapper\">\n\t\t\t\t\t\t<span class=\"elementor-button-icon\">\n\t\t\t\t<svg xmlns=\"http:\/\/www.w3.org\/2000\/svg\" width=\"18\" height=\"22\" viewBox=\"0 0 18 22\" fill=\"none\"><path d=\"M9.77876 1.87968C11.2072 0.00911939 13.193 0 13.193 0C13.193 0 13.4884 1.75865 12.0693 3.45279C10.5541 5.26175 8.83191 4.96575 8.83191 4.96575C8.83191 4.96575 8.50853 3.54306 9.77876 1.87968ZM9.01359 6.19768C9.74843 6.19768 11.1123 5.19405 12.8875 5.19405C15.9432 5.19405 17.1453 7.35441 17.1453 7.35441C17.1453 7.35441 14.7942 8.54876 14.7942 11.4468C14.7942 14.716 17.7231 15.8427 17.7231 15.8427C17.7231 15.8427 15.6757 21.5683 12.9102 21.5683C11.6401 21.5683 10.6526 20.7178 9.3143 20.7178C7.95047 20.7178 6.59706 21.6 5.71558 21.6C3.1903 21.6001 0 16.1688 0 11.8029C0 7.50753 2.70038 5.25423 5.23323 5.25423C6.87981 5.25423 8.15757 6.19768 9.01359 6.19768Z\" fill=\"black\"><\/path><\/svg>\t\t\t<\/span>\n\t\t\t\t\t\t\t\t\t<span class=\"elementor-button-text\">SHIFTS pour iOS<\/span>\n\t\t\t\t\t<\/span>\n\t\t\t\t\t<\/a>\n\t\t\t\t<\/div>\n\t\t\t\t\t\t\t\t<\/div>\n\t\t\t\t<\/div>\n\t\t\t\t<div class=\"elementor-element elementor-element-92a04fc elementor-align-left elementor-widget elementor-widget-button\" data-id=\"92a04fc\" data-element_type=\"widget\" data-widget_type=\"button.default\">\n\t\t\t\t<div class=\"elementor-widget-container\">\n\t\t\t\t\t\t\t\t\t<div class=\"elementor-button-wrapper\">\n\t\t\t\t\t<a class=\"elementor-button elementor-button-link elementor-size-sm\" href=\"#\">\n\t\t\t\t\t\t<span class=\"elementor-button-content-wrapper\">\n\t\t\t\t\t\t<span class=\"elementor-button-icon\">\n\t\t\t\t<svg xmlns=\"http:\/\/www.w3.org\/2000\/svg\" width=\"20\" height=\"23\" viewBox=\"0 0 20 23\" fill=\"none\"><path d=\"M0.40105 0.344729C0.148987 0.612559 -3.70079e-07 1.02822 -3.70079e-07 1.56649V20.7981C-3.70079e-07 21.3372 0.148987 21.752 0.40105 22.0198L0.465148 22.0824L11.1965 11.3092V11.1823V11.0553L0.465148 0.28125L0.40105 0.344729Z\" fill=\"#4087EF\"><\/path><path d=\"M14.7728 14.9014L11.1963 11.3091V11.1822V11.0552L14.7737 7.46387L14.8542 7.50995L19.0925 9.92738C20.3026 10.6178 20.3026 11.7474 19.0925 12.4387L14.8542 14.8561L14.7728 14.9014Z\" fill=\"#FABD03\"><\/path><path d=\"M14.8547 14.8557L11.1959 11.1826L0.401367 22.0202C0.799818 22.4445 1.45899 22.4967 2.20132 22.0741L14.8547 14.8557Z\" fill=\"#E94335\"><\/path><path d=\"M14.8547 7.50974L2.20132 0.292243C1.45899 -0.131241 0.799818 -0.0781963 0.401368 0.346157L11.1968 11.1837L14.8547 7.50974Z\" fill=\"#2DAB51\"><\/path><\/svg>\t\t\t<\/span>\n\t\t\t\t\t\t\t\t\t<span class=\"elementor-button-text\">SHIFTS pour android<\/span>\n\t\t\t\t\t<\/span>\n\t\t\t\t\t<\/a>\n\t\t\t\t<\/div>\n\t\t\t\t\t\t\t\t<\/div>\n\t\t\t\t<\/div>\n\t\t\t\t<\/div>\n\t\t\t\t<\/div>\n\t\t\t\t<div class=\"elementor-element elementor-element-53d1d04 elementor-widget elementor-widget-image\" data-id=\"53d1d04\" data-element_type=\"widget\" data-widget_type=\"image.default\">\n\t\t\t\t<div class=\"elementor-widget-container\">\n\t\t\t\t\t\t\t\t\t\t\t\t\t\t\t<img decoding=\"async\" width=\"1000\" height=\"822\" src=\"https:\/\/shiftscoffee.app\/wp-content\/uploads\/2025\/12\/Shifts_01-14-1-1-1024x842.png\" class=\"attachment-large size-large wp-image-453\" alt=\"\" srcset=\"https:\/\/shiftscoffee.app\/wp-content\/uploads\/2025\/12\/Shifts_01-14-1-1-1024x842.png 1024w, https:\/\/shiftscoffee.app\/wp-content\/uploads\/2025\/12\/Shifts_01-14-1-1-300x247.png 300w, https:\/\/shiftscoffee.app\/wp-content\/uploads\/2025\/12\/Shifts_01-14-1-1-768x631.png 768w, https:\/\/shiftscoffee.app\/wp-content\/uploads\/2025\/12\/Shifts_01-14-1-1-1536x1262.png 1536w, https:\/\/shiftscoffee.app\/wp-content\/uploads\/2025\/12\/Shifts_01-14-1-1-2048x1683.png 2048w, https:\/\/shiftscoffee.app\/wp-content\/uploads\/2025\/12\/Shifts_01-14-1-1-650x534.png 650w\" sizes=\"(max-width: 1000px) 100vw, 1000px\" \/>\t\t\t\t\t\t\t\t\t\t\t\t\t\t\t<\/div>\n\t\t\t\t<\/div>\n\t\t\t\t<\/div>\n\t\t\t\t<\/div>\n\t\t\t\t\t<\/div>\n\t\t\t\t<\/div>\n\t\t\t\t<\/div>\n\t\t","protected":false},"excerpt":{"rendered":"<p>Nous contacter : Name Email Envoyer FAQ La r\u00e9ponse \u00e0 vos questions les plus fr\u00e9quentes O\u00f9 SHIFTS est-elle disponible ? Pour l\u2019instant, SHIFTS est disponible partout mais accessible uniquement aux entreprises fran\u00e7aises. Comment SHIFTS s\u00e9curise-t-elle les profils ? Nous v\u00e9rifions les num\u00e9ros d\u2019immatriculation des entreprises et auto-entreprises, ainsi que les identit\u00e9s. Quels sont les tarifs [&hellip;]<\/p>\n","protected":false},"author":1,"featured_media":0,"parent":0,"menu_order":0,"comment_status":"closed","ping_status":"closed","template":"","meta":{"footnotes":""},"class_list":["post-599","page","type-page","status-publish","hentry"],"_links":{"self":[{"href":"https:\/\/shiftscoffee.app\/index.php\/wp-json\/wp\/v2\/pages\/599","targetHints":{"allow":["GET"]}}],"collection":[{"href":"https:\/\/shiftscoffee.app\/index.php\/wp-json\/wp\/v2\/pages"}],"about":[{"href":"https:\/\/shiftscoffee.app\/index.php\/wp-json\/wp\/v2\/types\/page"}],"author":[{"embeddable":true,"href":"https:\/\/shiftscoffee.app\/index.php\/wp-json\/wp\/v2\/users\/1"}],"replies":[{"embeddable":true,"href":"https:\/\/shiftscoffee.app\/index.php\/wp-json\/wp\/v2\/comments?post=599"}],"version-history":[{"count":37,"href":"https:\/\/shiftscoffee.app\/index.php\/wp-json\/wp\/v2\/pages\/599\/revisions"}],"predecessor-version":[{"id":988,"href":"https:\/\/shiftscoffee.app\/index.php\/wp-json\/wp\/v2\/pages\/599\/revisions\/988"}],"wp:attachment":[{"href":"https:\/\/shiftscoffee.app\/index.php\/wp-json\/wp\/v2\/media?parent=599"}],"curies":[{"name":"wp","href":"https:\/\/api.w.org\/{rel}","templated":true}]}}