{"id":647,"date":"2026-01-06T09:23:01","date_gmt":"2026-01-06T09:23:01","guid":{"rendered":"https:\/\/shiftscoffee.app\/?page_id=647"},"modified":"2026-01-13T15:25:42","modified_gmt":"2026-01-13T15:25:42","slug":"cgu","status":"publish","type":"page","link":"https:\/\/shiftscoffee.app\/index.php\/cgu\/","title":{"rendered":"CGU"},"content":{"rendered":"\t\t<div data-elementor-type=\"wp-page\" data-elementor-id=\"647\" class=\"elementor elementor-647\" data-elementor-settings=\"{&quot;element_pack_global_tooltip_width&quot;:{&quot;unit&quot;:&quot;px&quot;,&quot;size&quot;:&quot;&quot;,&quot;sizes&quot;:[]},&quot;element_pack_global_tooltip_width_tablet&quot;:{&quot;unit&quot;:&quot;px&quot;,&quot;size&quot;:&quot;&quot;,&quot;sizes&quot;:[]},&quot;element_pack_global_tooltip_width_mobile&quot;:{&quot;unit&quot;:&quot;px&quot;,&quot;size&quot;:&quot;&quot;,&quot;sizes&quot;:[]},&quot;element_pack_global_tooltip_padding&quot;:{&quot;unit&quot;:&quot;px&quot;,&quot;top&quot;:&quot;&quot;,&quot;right&quot;:&quot;&quot;,&quot;bottom&quot;:&quot;&quot;,&quot;left&quot;:&quot;&quot;,&quot;isLinked&quot;:true},&quot;element_pack_global_tooltip_padding_tablet&quot;:{&quot;unit&quot;:&quot;px&quot;,&quot;top&quot;:&quot;&quot;,&quot;right&quot;:&quot;&quot;,&quot;bottom&quot;:&quot;&quot;,&quot;left&quot;:&quot;&quot;,&quot;isLinked&quot;:true},&quot;element_pack_global_tooltip_padding_mobile&quot;:{&quot;unit&quot;:&quot;px&quot;,&quot;top&quot;:&quot;&quot;,&quot;right&quot;:&quot;&quot;,&quot;bottom&quot;:&quot;&quot;,&quot;left&quot;:&quot;&quot;,&quot;isLinked&quot;:true},&quot;element_pack_global_tooltip_border_radius&quot;:{&quot;unit&quot;:&quot;px&quot;,&quot;top&quot;:&quot;&quot;,&quot;right&quot;:&quot;&quot;,&quot;bottom&quot;:&quot;&quot;,&quot;left&quot;:&quot;&quot;,&quot;isLinked&quot;:true},&quot;element_pack_global_tooltip_border_radius_tablet&quot;:{&quot;unit&quot;:&quot;px&quot;,&quot;top&quot;:&quot;&quot;,&quot;right&quot;:&quot;&quot;,&quot;bottom&quot;:&quot;&quot;,&quot;left&quot;:&quot;&quot;,&quot;isLinked&quot;:true},&quot;element_pack_global_tooltip_border_radius_mobile&quot;:{&quot;unit&quot;:&quot;px&quot;,&quot;top&quot;:&quot;&quot;,&quot;right&quot;:&quot;&quot;,&quot;bottom&quot;:&quot;&quot;,&quot;left&quot;:&quot;&quot;,&quot;isLinked&quot;:true}}\" data-elementor-post-type=\"page\">\n\t\t\t\t<div class=\"elementor-element elementor-element-1d92df2 e-flex e-con-boxed e-con e-parent\" data-id=\"1d92df2\" data-element_type=\"container\">\n\t\t\t\t\t<div class=\"e-con-inner\">\n\t\t<div class=\"elementor-element elementor-element-b6fee8d e-con-full e-flex e-con e-child\" data-id=\"b6fee8d\" data-element_type=\"container\">\n\t\t\t\t<div class=\"elementor-element elementor-element-e2afe67 elementor-widget elementor-widget-heading\" data-id=\"e2afe67\" data-element_type=\"widget\" data-widget_type=\"heading.default\">\n\t\t\t\t<div class=\"elementor-widget-container\">\n\t\t\t\t\t<h2 class=\"elementor-heading-title elementor-size-default\">Conditions g\u00e9n\u00e9rales d\u2019utilisation<\/h2>\t\t\t\t<\/div>\n\t\t\t\t<\/div>\n\t\t\t\t<div class=\"elementor-element elementor-element-3accf1d elementor-widget elementor-widget-text-editor\" data-id=\"3accf1d\" data-element_type=\"widget\" data-widget_type=\"text-editor.default\">\n\t\t\t\t<div class=\"elementor-widget-container\">\n\t\t\t\t\t\t\t\t\t<p>En vigueur au 17\/12\/25<\/p>\n<p>Les pr\u00e9sentes conditions g\u00e9n\u00e9rales d&#8217;utilisation (dites \u00ab CGU \u00bb) ont pour objet l&#8217;encadrement<br>juridique des modalit\u00e9s de mise \u00e0 disposition du site\/application et des services par SHIFTS et de<br>d\u00e9finir les conditions d\u2019acc\u00e8s et d\u2019utilisation des services par \u00ab l&#8217;Utilisateur\u00b7ice \u00bb.<br>Les pr\u00e9sentes CGU sont accessibles sur le site \u00e0 la rubrique \u00abCGU\u00bb.<br>Toute inscription ou utilisation du site\/application implique l&#8217;acceptation sans aucune r\u00e9serve ni<br>restriction des pr\u00e9sentes CGU par l\u2019utilisateur\u00b7ice. Lors de l&#8217;inscription sur le site\/application via le<br>Formulaire d\u2019inscription, chaque utilisateur\u00b7ice accepte express\u00e9ment les pr\u00e9sentes CGU en cochant<br>la case pr\u00e9c\u00e9dant le texte suivant : \u00ab Je reconnais avoir lu et compris les CGU et je les accepte \u00bb.<br>En cas de non-acceptation des CGU stipul\u00e9es dans le pr\u00e9sent contrat, l&#8217;Utilisateur\u00b7ice se doit de<br>renoncer \u00e0 l&#8217;acc\u00e8s des services propos\u00e9s par le site\/application.<br>shiftscoffee.app \/ SHIFTS se r\u00e9serve le droit de modifier unilat\u00e9ralement et \u00e0 tout moment le contenu<br>des pr\u00e9sentes CGU.<\/p>\n<p><\/p>\n<p><br><\/p><p>Article 1 : Les mentions l\u00e9gales<br>L&#8217;\u00e9dition du site shiftscoffee.app et de l\u2019application SHIFTS est assur\u00e9e par la Soci\u00e9t\u00e9 SAS SHIFTS<br>au capital de 1000 euros, immatricul\u00e9e au RCS de 944 931 518 sous le num\u00e9ro 944931518, dont le<br>si\u00e8ge social est situ\u00e9 au 61 rue du Chemin Vert, 75011 Paris<br>Adresse e-mail : contact@shiftscoffee.app.<br>Le Directeur de la publication est : Manon Amand-Houeix<br>Num\u00e9ro de TVA intracommunautaire : FR24944931518<br>L&#8217;h\u00e9bergeur du site shiftscoffee.app \/ application est la soci\u00e9t\u00e9 OVH, dont le si\u00e8ge social est situ\u00e9 au<br>2 rue Kellerman, 59100 Roubaix.<br><br><\/p><p><br><\/p><p>ARTICLE 2 : Acc\u00e8s au site\/application<br>Le site shiftscoffee.app et son application SHIFTS permettent \u00e0 l&#8217;Utilisateur\u00b7ice un acc\u00e8s aux services<br>suivants :<br>La communication d&#8217;informations par des syst\u00e8mes t\u00e9l\u00e9matiques et informatiques<br>Le site\/application est accessible gratuitement en tout lieu \u00e0 tout Utilisateur\u00b7ice ayant un acc\u00e8s \u00e0<br>Internet. Tous les frais support\u00e9s par l&#8217;Utilisateur\u00b7ice pour acc\u00e9der au service (mat\u00e9riel informatique,<br>logiciels, connexion Internet, etc.) sont \u00e0 sa charge.<br>L\u2019Utilisateur\u00b7ice non membre n&#8217;a pas acc\u00e8s aux services r\u00e9serv\u00e9s. Pour cela, il ou elle doit s\u2019inscrire<br>en remplissant le formulaire. En acceptant de s\u2019inscrire aux services r\u00e9serv\u00e9s, l\u2019Utilisateur\u00b7ice<br>membre s\u2019engage \u00e0 fournir des informations sinc\u00e8res et exactes concernant son \u00e9tat civil et ses<br>coordonn\u00e9es, notamment son adresse email.<br>Pour acc\u00e9der aux services, l\u2019Utilisateur\u00b7ice doit ensuite s&#8217;identifier \u00e0 l&#8217;aide de son identifiant et de son<br>mot de passe.<br>Tout Utilisateur\u00b7ice membre r\u00e9guli\u00e8rement inscrit pourra \u00e9galement solliciter sa d\u00e9sinscription en se<br>rendant \u00e0 la page d\u00e9di\u00e9e sur son espace personnel. Celle-ci sera effective dans un d\u00e9lai raisonnable.<br>Tout \u00e9v\u00e9nement d\u00fb \u00e0 un cas de force majeure ayant pour cons\u00e9quence un dysfonctionnement du<br>site\/app ou serveur et sous r\u00e9serve de toute interruption ou modification en cas de maintenance,<br>n&#8217;engage pas la responsabilit\u00e9 de shiftscoffee.app \/ SHIFTS. Dans ces cas, l\u2019Utilisateur\u00b7ice accepte<br>ainsi ne pas tenir rigueur \u00e0 l\u2019\u00e9diteur de toute interruption ou suspension de service, m\u00eame sans<br>pr\u00e9avis.<br>L&#8217;Utilisateur\u00b7ice a la possibilit\u00e9 de contacter le site par messagerie \u00e9lectronique \u00e0 l\u2019adresse email de<br>l\u2019\u00e9diteur communiqu\u00e9 \u00e0 l\u2019ARTICLE 1.<\/p>\n<p><\/p>\n<p><br><\/p><p>ARTICLE 3 : Collecte des donn\u00e9es<br>Le site\/application assurent \u00e0 l&#8217;Utilisateur\u00b7ice une collecte et un traitement d&#8217;informations personnelles<br>dans le respect de la vie priv\u00e9e conform\u00e9ment \u00e0 la loi n\u00b078-17 du 6 janvier 1978 relative \u00e0<br>l&#8217;informatique, aux fichiers et aux libert\u00e9s.<\/p>\n<p>En vertu de la loi Informatique et Libert\u00e9s, en date du 6 janvier 1978, l&#8217;Utilisateur\u00b7ice dispose d&#8217;un<br>droit d&#8217;acc\u00e8s, de rectification, de suppression et d&#8217;opposition de ses donn\u00e9es personnelles.<br>L&#8217;Utilisateur\u00b7ice exerce ce droit :<br>\u00b7 par mail \u00e0 l&#8217;adresse email contact@shiftscoffee.app<br>\u00b7 via son espace personnel ;<\/p>\n<p><\/p>\n<p><br><\/p><p>ARTICLE 4 : Propri\u00e9t\u00e9 intellectuelle<br>Les marques, logos, signes ainsi que tous les contenus du site\/app (textes, images, son\u2026) font l&#8217;objet<br>d&#8217;une protection par le Code de la propri\u00e9t\u00e9 intellectuelle et plus particuli\u00e8rement par le droit d&#8217;auteur.<br>La marque SHIFTS est une marque d\u00e9pos\u00e9e par SAS SHIFTS.Toute repr\u00e9sentation et\/ou<br>reproduction et\/ou exploitation partielle ou totale de cette marque, de quelque nature que ce soit, est<br>totalement prohib\u00e9e.<br>L&#8217;Utilisateur\u00b7ice doit solliciter l&#8217;autorisation pr\u00e9alable du site\/app pour toute reproduction, publication,<br>copie des diff\u00e9rents contenus. Il ou elle s&#8217;engage \u00e0 une utilisation des contenus du site dans un cadre<br>strictement priv\u00e9, toute utilisation \u00e0 des fins commerciales et publicitaires est strictement interdite.<br>Toute repr\u00e9sentation totale ou partielle de ce site\/app par quelque proc\u00e9d\u00e9 que ce soit, sans<br>l\u2019autorisation expresse de l\u2019exploitant du site Internet \/ app constituerait une contrefa\u00e7on sanctionn\u00e9e<br>par l\u2019article L 335-2 et suivants du Code de la propri\u00e9t\u00e9 intellectuelle.<br>Il est rappel\u00e9 conform\u00e9ment \u00e0 l\u2019article L122-5 du Code de propri\u00e9t\u00e9 intellectuelle que l\u2019Utilisateur\u00b7ice<br>qui reproduit, copie ou publie le contenu prot\u00e9g\u00e9 doit citer l\u2019auteur et sa source.<\/p>\n<p><\/p>\n<p><br><\/p><p>ARTICLE 5 : Responsabilit\u00e9<br>Les sources des informations diffus\u00e9es sur le site shiftscoffee.app \/ SHIFTS sont r\u00e9put\u00e9es fiables<br>mais le site\/app ne garantit pas qu\u2019il soit exempts de d\u00e9faut, d\u2019erreurs ou d\u2019omissions.<br>Les informations communiqu\u00e9es sont pr\u00e9sent\u00e9es \u00e0 titre indicatif et g\u00e9n\u00e9ral sans valeur contractuelle.<br>Malgr\u00e9 des mises \u00e0 jour r\u00e9guli\u00e8res, le site\/app shiftscoffee.app \/ SHIFTS ne peut \u00eatre tenu<br>responsable de la modification des dispositions administratives et juridiques survenant apr\u00e8s la<br>publication. De m\u00eame, le site\/app ne peut \u00eatre tenue responsable de l\u2019utilisation et de l\u2019interpr\u00e9tation<br>de l\u2019information contenue dans ce site.<br>L&#8217;Utilisateur\u00b7ice s&#8217;assure de garder son mot de passe secret. Toute divulgation du mot de passe,<br>quelle que soit sa forme, est interdite. Il ou elle assume les risques li\u00e9s \u00e0 l&#8217;utilisation de son identifiant<br>et mot de passe. Le site\/app d\u00e9cline toute responsabilit\u00e9.<br>Le site\/app shiftscoffee.app \/ SHIFTS ne peut \u00eatre tenu pour responsable d\u2019\u00e9ventuels virus qui<br>pourraient infecter l\u2019ordinateur ou tout mat\u00e9riel informatique de l\u2019Internaute, suite \u00e0 une utilisation, \u00e0<br>l\u2019acc\u00e8s, ou au t\u00e9l\u00e9chargement provenant de ce site.<br>La responsabilit\u00e9 du site\/app ne peut \u00eatre engag\u00e9e en cas de force majeure ou du fait impr\u00e9visible et<br>insurmontable d&#8217;un tiers.<\/p>\n<p><\/p>\n<p><br><\/p><p>ARTICLE 6 : Liens hypertextes<br>Des liens hypertextes peuvent \u00eatre pr\u00e9sents sur le site\/app. L\u2019Utilisateur\u00b7ice est inform\u00e9\u00b7e qu\u2019en<br>cliquant sur ces liens, il\/elle sortira du site\/app shiftscoffee.app \/ SHIFTS. Ce dernier n\u2019a pas de<br>contr\u00f4le sur les pages web sur lesquelles aboutissent ces liens et ne saurait, en aucun cas, \u00eatre<br>responsable de leur contenu.<\/p>\n<p><\/p>\n<p><br><\/p><p>ARTICLE 7 : Cookies<br>L\u2019Utilisateur\u00b7ice est inform\u00e9\u00b7e que lors de ses visites sur le site\/app, un cookie peut s\u2019installer<br>automatiquement sur son logiciel de navigation.<br>Les cookies sont de petits fichiers stock\u00e9s temporairement sur le disque dur de l\u2019ordinateur de<br>l\u2019Utilisateur\u00b7ice par votre navigateur et qui sont n\u00e9cessaires \u00e0 l\u2019utilisation du site\/app shiftscoffee.app\/<br>SHIFTS. Les cookies ne contiennent pas d\u2019information personnelle et ne peuvent pas \u00eatre utilis\u00e9s<br>pour identifier quelqu\u2019un\u00b7e. Un cookie contient un identifiant unique, g\u00e9n\u00e9r\u00e9 al\u00e9atoirement et donc<br>anonyme. Certains cookies expirent \u00e0 la fin de la visite de l\u2019Utilisateur\u00b7ice, d\u2019autres restent.<br>L\u2019information contenue dans les cookies est utilis\u00e9e pour am\u00e9liorer le site\/app shiftscoffee.app \/<br>SHIFTS.<br>En naviguant sur le site\/app, L\u2019Utilisateur\u00b7ice les accepte.<br>L\u2019Utilisateur\u00b7ice doit toutefois donner son consentement quant \u00e0 l\u2019utilisation de certains cookies.<br>A d\u00e9faut d\u2019acceptation, l\u2019Utilisateur\u00b7ice est inform\u00e9\u00b7e que certaines fonctionnalit\u00e9s ou pages risquent<br>de lui \u00eatre refus\u00e9es.<\/p>\n<p>L\u2019Utilisateur\u00b7ice pourra d\u00e9sactiver ces cookies par l\u2019interm\u00e9diaire des param\u00e8tres figurant au sein de<br>son logiciel de navigation.<\/p>\n<p><\/p>\n<p><br><\/p><p>ARTICLE 8 : Publication par l\u2019Utilisateur\u00b7ice<br>Le site\/app permet aux membres de publier les contenus suivants :<br>Cr\u00e9ation de profil, cr\u00e9ation d\u2019annonce, \u00e9changes par messagerie interne.<br>Dans ses publications, le ou la membre s\u2019engage \u00e0 respecter les r\u00e8gles de la Netiquette (r\u00e8gles de<br>bonne conduite de l\u2019internet) et les r\u00e8gles de droit en vigueur.<br>Le site\/app peut exercer une mod\u00e9ration sur les publications et se r\u00e9serve le droit de refuser leur<br>mise en ligne, sans avoir \u00e0 s\u2019en justifier aupr\u00e8s du ou de la membre.<br>L\u2019Utilisateur\u00b7ice utilisant le site\/app pour de la concurrence d\u00e9loyale envers le site \/ app, promotion de<br>solution \u00e9quivalente \u00e0 celle propos\u00e9e par le site\/app ou d\u00e9marchage commercial en dehors de la<br>publication d\u2019annonces verra son compte suspendu.<br>Le ou la membre reste titulaire de l\u2019int\u00e9gralit\u00e9 de ses droits de propri\u00e9t\u00e9 intellectuelle. Mais en<br>publiant une publication sur le site\/app, il ou elle c\u00e8de \u00e0 la soci\u00e9t\u00e9 \u00e9ditrice le droit non exclusif et<br>gratuit de repr\u00e9senter, reproduire, adapter, modifier, diffuser et distribuer sa publication, directement<br>ou par un tiers autoris\u00e9, dans le monde entier, sur tout support (num\u00e9rique ou physique), pour la<br>dur\u00e9e de la propri\u00e9t\u00e9 intellectuelle. Le ou la Membre c\u00e8de notamment le droit d&#8217;utiliser sa publication<br>sur internet et sur les r\u00e9seaux de t\u00e9l\u00e9phonie mobile.<br>La soci\u00e9t\u00e9 \u00e9ditrice s&#8217;engage \u00e0 faire figurer le nom du ou de la membre \u00e0 proximit\u00e9 de chaque<br>utilisation de sa publication.<br>Tout contenu mis en ligne par l&#8217;Utilisateur\u00b7ice est de sa seule responsabilit\u00e9. L&#8217;Utilisateur\u00b7ice s&#8217;engage<br>\u00e0 ne pas mettre en ligne de contenus pouvant porter atteinte aux int\u00e9r\u00eats de tierces personnes,<br>notamment ceux du site\/app shiftscoffee.app \/ SHIFTS. Tout recours en justice engag\u00e9 par un tiers<br>l\u00e9s\u00e9 contre le site\/app sera pris en charge par l&#8217;Utilisateur\u00b7ice.<br>Le contenu de l&#8217;Utilisateur\u00b7ice peut \u00eatre \u00e0 tout moment et pour n&#8217;importe quelle raison supprim\u00e9 ou<br>modifi\u00e9 par le site\/app, sans pr\u00e9avis.<\/p>\n<p><br><\/p><p>ARTICLE 9 : Droit applicable et juridiction comp\u00e9tente<br>La l\u00e9gislation fran\u00e7aise s&#8217;applique au pr\u00e9sent contrat. En cas d&#8217;absence de r\u00e9solution amiable d&#8217;un<br>litige n\u00e9 entre les parties, les tribunaux fran\u00e7ais seront seuls comp\u00e9tents pour en conna\u00eetre.<br>Pour toute question relative \u00e0 l\u2019application des pr\u00e9sentes CGU, vous pouvez joindre l\u2019\u00e9diteur aux<br>coordonn\u00e9es inscrites \u00e0 l\u2019ARTICLE 1.<\/p>\t\t\t\t\t\t\t\t<\/div>\n\t\t\t\t<\/div>\n\t\t\t\t<\/div>\n\t\t\t\t\t<\/div>\n\t\t\t\t<\/div>\n\t\t\t\t<\/div>\n\t\t","protected":false},"excerpt":{"rendered":"<p>Conditions g\u00e9n\u00e9rales d\u2019utilisation En vigueur au 17\/12\/25 Les pr\u00e9sentes conditions g\u00e9n\u00e9rales d&#8217;utilisation (dites \u00ab CGU \u00bb) ont pour objet l&#8217;encadrementjuridique des modalit\u00e9s de mise \u00e0 disposition du site\/application et des services par SHIFTS et ded\u00e9finir les conditions d\u2019acc\u00e8s et d\u2019utilisation des services par \u00ab l&#8217;Utilisateur\u00b7ice \u00bb.Les pr\u00e9sentes CGU sont accessibles sur le site \u00e0 la [&hellip;]<\/p>\n","protected":false},"author":1,"featured_media":0,"parent":0,"menu_order":0,"comment_status":"closed","ping_status":"closed","template":"","meta":{"footnotes":""},"class_list":["post-647","page","type-page","status-publish","hentry"],"_links":{"self":[{"href":"https:\/\/shiftscoffee.app\/index.php\/wp-json\/wp\/v2\/pages\/647","targetHints":{"allow":["GET"]}}],"collection":[{"href":"https:\/\/shiftscoffee.app\/index.php\/wp-json\/wp\/v2\/pages"}],"about":[{"href":"https:\/\/shiftscoffee.app\/index.php\/wp-json\/wp\/v2\/types\/page"}],"author":[{"embeddable":true,"href":"https:\/\/shiftscoffee.app\/index.php\/wp-json\/wp\/v2\/users\/1"}],"replies":[{"embeddable":true,"href":"https:\/\/shiftscoffee.app\/index.php\/wp-json\/wp\/v2\/comments?post=647"}],"version-history":[{"count":19,"href":"https:\/\/shiftscoffee.app\/index.php\/wp-json\/wp\/v2\/pages\/647\/revisions"}],"predecessor-version":[{"id":914,"href":"https:\/\/shiftscoffee.app\/index.php\/wp-json\/wp\/v2\/pages\/647\/revisions\/914"}],"wp:attachment":[{"href":"https:\/\/shiftscoffee.app\/index.php\/wp-json\/wp\/v2\/media?parent=647"}],"curies":[{"name":"wp","href":"https:\/\/api.w.org\/{rel}","templated":true}]}}