{"id":663,"date":"2026-01-06T09:37:08","date_gmt":"2026-01-06T09:37:08","guid":{"rendered":"https:\/\/shiftscoffee.app\/?page_id=663"},"modified":"2026-01-19T10:40:48","modified_gmt":"2026-01-19T10:40:48","slug":"a-propos","status":"publish","type":"page","link":"https:\/\/shiftscoffee.app\/index.php\/a-propos\/","title":{"rendered":"A propos"},"content":{"rendered":"\t\t<div data-elementor-type=\"wp-page\" data-elementor-id=\"663\" class=\"elementor elementor-663\" data-elementor-settings=\"{&quot;element_pack_global_tooltip_width&quot;:{&quot;unit&quot;:&quot;px&quot;,&quot;size&quot;:&quot;&quot;,&quot;sizes&quot;:[]},&quot;element_pack_global_tooltip_width_tablet&quot;:{&quot;unit&quot;:&quot;px&quot;,&quot;size&quot;:&quot;&quot;,&quot;sizes&quot;:[]},&quot;element_pack_global_tooltip_width_mobile&quot;:{&quot;unit&quot;:&quot;px&quot;,&quot;size&quot;:&quot;&quot;,&quot;sizes&quot;:[]},&quot;element_pack_global_tooltip_padding&quot;:{&quot;unit&quot;:&quot;px&quot;,&quot;top&quot;:&quot;&quot;,&quot;right&quot;:&quot;&quot;,&quot;bottom&quot;:&quot;&quot;,&quot;left&quot;:&quot;&quot;,&quot;isLinked&quot;:true},&quot;element_pack_global_tooltip_padding_tablet&quot;:{&quot;unit&quot;:&quot;px&quot;,&quot;top&quot;:&quot;&quot;,&quot;right&quot;:&quot;&quot;,&quot;bottom&quot;:&quot;&quot;,&quot;left&quot;:&quot;&quot;,&quot;isLinked&quot;:true},&quot;element_pack_global_tooltip_padding_mobile&quot;:{&quot;unit&quot;:&quot;px&quot;,&quot;top&quot;:&quot;&quot;,&quot;right&quot;:&quot;&quot;,&quot;bottom&quot;:&quot;&quot;,&quot;left&quot;:&quot;&quot;,&quot;isLinked&quot;:true},&quot;element_pack_global_tooltip_border_radius&quot;:{&quot;unit&quot;:&quot;px&quot;,&quot;top&quot;:&quot;&quot;,&quot;right&quot;:&quot;&quot;,&quot;bottom&quot;:&quot;&quot;,&quot;left&quot;:&quot;&quot;,&quot;isLinked&quot;:true},&quot;element_pack_global_tooltip_border_radius_tablet&quot;:{&quot;unit&quot;:&quot;px&quot;,&quot;top&quot;:&quot;&quot;,&quot;right&quot;:&quot;&quot;,&quot;bottom&quot;:&quot;&quot;,&quot;left&quot;:&quot;&quot;,&quot;isLinked&quot;:true},&quot;element_pack_global_tooltip_border_radius_mobile&quot;:{&quot;unit&quot;:&quot;px&quot;,&quot;top&quot;:&quot;&quot;,&quot;right&quot;:&quot;&quot;,&quot;bottom&quot;:&quot;&quot;,&quot;left&quot;:&quot;&quot;,&quot;isLinked&quot;:true}}\" data-elementor-post-type=\"page\">\n\t\t\t\t<div class=\"elementor-element elementor-element-3476f089 e-flex e-con-boxed e-con e-parent\" data-id=\"3476f089\" data-element_type=\"container\">\n\t\t\t\t\t<div class=\"e-con-inner\">\n\t\t<div class=\"elementor-element elementor-element-e65e3a8 e-con-full e-flex e-con e-child\" data-id=\"e65e3a8\" data-element_type=\"container\">\n\t\t<div class=\"elementor-element elementor-element-b64b1a1 e-con-full e-flex e-con e-child\" data-id=\"b64b1a1\" data-element_type=\"container\">\n\t\t<div class=\"elementor-element elementor-element-3b3e77b8 e-con-full e-flex e-con e-child\" data-id=\"3b3e77b8\" data-element_type=\"container\">\n\t\t\t\t<div class=\"elementor-element elementor-element-572fc8d9 elementor-widget__width-initial elementor-widget elementor-widget-heading\" data-id=\"572fc8d9\" data-element_type=\"widget\" data-widget_type=\"heading.default\">\n\t\t\t\t<div class=\"elementor-widget-container\">\n\t\t\t\t\t<h2 class=\"elementor-heading-title elementor-size-default\"><span style=\"color:#2D2D2D\">La rencontre <\/span>\n<span style=\"color:#0043FF\">professionnelle<\/span><br>\n<span style=\"color:#2D2D2D\">enfin <\/span>\n<span style=\"color:#0043FF\">simplifi\u00e9e<\/span>.<\/h2>\t\t\t\t<\/div>\n\t\t\t\t<\/div>\n\t\t\t\t<\/div>\n\t\t<div class=\"elementor-element elementor-element-664bc40c e-con-full e-flex e-con e-child\" data-id=\"664bc40c\" data-element_type=\"container\">\n\t\t\t\t<div class=\"elementor-element elementor-element-7a27a6b2 elementor-widget__width-initial elementor-widget elementor-widget-text-editor\" data-id=\"7a27a6b2\" data-element_type=\"widget\" data-widget_type=\"text-editor.default\">\n\t\t\t\t<div class=\"elementor-widget-container\">\n\t\t\t\t\t\t\t\t\t<p>Trouver un renfort ou une mission ne devrait jamais \u00eatre compliqu\u00e9.<br data-start=\"319\" data-end=\"322\" \/>SHIFTS simplifie la mise en relation entre <strong data-start=\"365\" data-end=\"389\">baristas disponibles<\/strong> et <strong data-start=\"393\" data-end=\"409\">coffee shops<\/strong> en recherche de renfort, gr\u00e2ce \u00e0 une plateforme pens\u00e9e pour la r\u00e9alit\u00e9 du terrain : rapide, claire et efficace.<br data-start=\"521\" data-end=\"524\" \/>Moins d\u2019\u00e9changes inutiles, plus d\u2019efficacit\u00e9, et des opportunit\u00e9s qui se concr\u00e9tisent plus vite.<\/p>\t\t\t\t\t\t\t\t<\/div>\n\t\t\t\t<\/div>\n\t\t\t\t<div class=\"elementor-element elementor-element-fc09c65 elementor-widget elementor-widget-button\" data-id=\"fc09c65\" data-element_type=\"widget\" data-widget_type=\"button.default\">\n\t\t\t\t<div class=\"elementor-widget-container\">\n\t\t\t\t\t\t\t\t\t<div class=\"elementor-button-wrapper\">\n\t\t\t\t\t<a class=\"elementor-button elementor-button-link elementor-size-sm\" href=\"https:\/\/shiftscoffee.app\/\">\n\t\t\t\t\t\t<span class=\"elementor-button-content-wrapper\">\n\t\t\t\t\t\t\t\t\t<span class=\"elementor-button-text\">En savoir plus<\/span>\n\t\t\t\t\t<\/span>\n\t\t\t\t\t<\/a>\n\t\t\t\t<\/div>\n\t\t\t\t\t\t\t\t<\/div>\n\t\t\t\t<\/div>\n\t\t\t\t<\/div>\n\t\t\t\t<\/div>\n\t\t<div class=\"elementor-element elementor-element-7da8e25a e-con-full e-flex e-con e-child\" data-id=\"7da8e25a\" data-element_type=\"container\" data-settings=\"{&quot;background_background&quot;:&quot;classic&quot;}\">\n\t\t\t\t<div class=\"elementor-element elementor-element-11b2851a elementor-invisible elementor-widget elementor-widget-image\" data-id=\"11b2851a\" data-element_type=\"widget\" data-settings=\"{&quot;_animation_delay&quot;:250,&quot;_animation&quot;:&quot;fadeInUp blur&quot;}\" data-widget_type=\"image.default\">\n\t\t\t\t<div class=\"elementor-widget-container\">\n\t\t\t\t\t\t\t\t\t\t\t\t\t\t\t<img fetchpriority=\"high\" decoding=\"async\" width=\"775\" height=\"1024\" src=\"https:\/\/shiftscoffee.app\/wp-content\/uploads\/2026\/01\/Group-1707478174-1-775x1024.png\" class=\"attachment-large size-large wp-image-721\" alt=\"\" srcset=\"https:\/\/shiftscoffee.app\/wp-content\/uploads\/2026\/01\/Group-1707478174-1-775x1024.png 775w, https:\/\/shiftscoffee.app\/wp-content\/uploads\/2026\/01\/Group-1707478174-1-227x300.png 227w, https:\/\/shiftscoffee.app\/wp-content\/uploads\/2026\/01\/Group-1707478174-1-768x1014.png 768w, https:\/\/shiftscoffee.app\/wp-content\/uploads\/2026\/01\/Group-1707478174-1-1163x1536.png 1163w, https:\/\/shiftscoffee.app\/wp-content\/uploads\/2026\/01\/Group-1707478174-1-1551x2048.png 1551w, https:\/\/shiftscoffee.app\/wp-content\/uploads\/2026\/01\/Group-1707478174-1-492x650.png 492w, https:\/\/shiftscoffee.app\/wp-content\/uploads\/2026\/01\/Group-1707478174-1-scaled.png 1938w\" sizes=\"(max-width: 775px) 100vw, 775px\" \/>\t\t\t\t\t\t\t\t\t\t\t\t\t\t\t<\/div>\n\t\t\t\t<\/div>\n\t\t\t\t<\/div>\n\t\t\t\t<\/div>\n\t\t\t\t\t<\/div>\n\t\t\t\t<\/div>\n\t\t<div class=\"elementor-element elementor-element-c47778e e-flex e-con-boxed e-con e-parent\" data-id=\"c47778e\" data-element_type=\"container\">\n\t\t\t\t\t<div class=\"e-con-inner\">\n\t\t\t\t<div class=\"elementor-element elementor-element-48a2d28 elementor-widget__width-initial elementor-widget elementor-widget-heading\" data-id=\"48a2d28\" data-element_type=\"widget\" data-widget_type=\"heading.default\">\n\t\t\t\t<div class=\"elementor-widget-container\">\n\t\t\t\t\t<h2 class=\"elementor-heading-title elementor-size-default\">Un cadre fiable, pens\u00e9 par des<span style=\"color:#0043FF\"> professionnel-les<\/h2>\t\t\t\t<\/div>\n\t\t\t\t<\/div>\n\t\t\t\t\t<\/div>\n\t\t\t\t<\/div>\n\t\t<div class=\"elementor-element elementor-element-3600e91 e-grid e-con-boxed e-con e-parent\" data-id=\"3600e91\" data-element_type=\"container\">\n\t\t\t\t\t<div class=\"e-con-inner\">\n\t\t<div class=\"elementor-element elementor-element-b506410 e-con-full e-flex e-con e-child\" data-id=\"b506410\" data-element_type=\"container\">\n\t\t\t\t<div class=\"elementor-element elementor-element-9abd869 elementor-widget elementor-widget-image\" data-id=\"9abd869\" data-element_type=\"widget\" data-widget_type=\"image.default\">\n\t\t\t\t<div class=\"elementor-widget-container\">\n\t\t\t\t\t\t\t\t\t\t\t\t\t\t\t<img decoding=\"async\" width=\"819\" height=\"1024\" src=\"https:\/\/shiftscoffee.app\/wp-content\/uploads\/2026\/01\/WhatsApp_Image_2025-12-08_at_11.59.48-819x1024.webp\" class=\"attachment-large size-large wp-image-745\" alt=\"\" srcset=\"https:\/\/shiftscoffee.app\/wp-content\/uploads\/2026\/01\/WhatsApp_Image_2025-12-08_at_11.59.48-819x1024.webp 819w, https:\/\/shiftscoffee.app\/wp-content\/uploads\/2026\/01\/WhatsApp_Image_2025-12-08_at_11.59.48-240x300.webp 240w, https:\/\/shiftscoffee.app\/wp-content\/uploads\/2026\/01\/WhatsApp_Image_2025-12-08_at_11.59.48-768x960.webp 768w, https:\/\/shiftscoffee.app\/wp-content\/uploads\/2026\/01\/WhatsApp_Image_2025-12-08_at_11.59.48-1229x1536.webp 1229w, https:\/\/shiftscoffee.app\/wp-content\/uploads\/2026\/01\/WhatsApp_Image_2025-12-08_at_11.59.48-520x650.webp 520w, https:\/\/shiftscoffee.app\/wp-content\/uploads\/2026\/01\/WhatsApp_Image_2025-12-08_at_11.59.48.webp 1280w\" sizes=\"(max-width: 819px) 100vw, 819px\" \/>\t\t\t\t\t\t\t\t\t\t\t\t\t\t\t<\/div>\n\t\t\t\t<\/div>\n\t\t\t\t<div class=\"elementor-element elementor-element-749938d elementor-widget__width-initial elementor-widget elementor-widget-heading\" data-id=\"749938d\" data-element_type=\"widget\" data-widget_type=\"heading.default\">\n\t\t\t\t<div class=\"elementor-widget-container\">\n\t\t\t\t\t<h2 class=\"elementor-heading-title elementor-size-default\">Co-fondatrice<\/h2>\t\t\t\t<\/div>\n\t\t\t\t<\/div>\n\t\t\t\t<div class=\"elementor-element elementor-element-264d4ac elementor-widget__width-initial elementor-widget elementor-widget-text-editor\" data-id=\"264d4ac\" data-element_type=\"widget\" data-widget_type=\"text-editor.default\">\n\t\t\t\t<div class=\"elementor-widget-container\">\n\t\t\t\t\t\t\t\t\t<p>Barista, formatrice et certifi\u00e9e AST par la SCA, Manon \u00e9volue depuis plus de 8 ans dans le caf\u00e9 de sp\u00e9cialit\u00e9. Elle imagine SHIFTS comme une application inclusive, respectueuse de ses utilisateur-ices et pens\u00e9e avant tout pour la r\u00e9alit\u00e9 du terrain.<\/p>\t\t\t\t\t\t\t\t<\/div>\n\t\t\t\t<\/div>\n\t\t\t\t<\/div>\n\t\t<div class=\"elementor-element elementor-element-d85bd43 e-con-full e-flex e-con e-child\" data-id=\"d85bd43\" data-element_type=\"container\">\n\t\t\t\t<div class=\"elementor-element elementor-element-57e11f7 elementor-widget elementor-widget-image\" data-id=\"57e11f7\" data-element_type=\"widget\" data-widget_type=\"image.default\">\n\t\t\t\t<div class=\"elementor-widget-container\">\n\t\t\t\t\t\t\t\t\t\t\t\t\t\t\t<img decoding=\"async\" width=\"819\" height=\"1024\" src=\"https:\/\/shiftscoffee.app\/wp-content\/uploads\/2026\/01\/WhatsApp_Image_2025-12-08_at_11.59.50-819x1024.webp\" class=\"attachment-large size-large wp-image-753\" alt=\"\" srcset=\"https:\/\/shiftscoffee.app\/wp-content\/uploads\/2026\/01\/WhatsApp_Image_2025-12-08_at_11.59.50-819x1024.webp 819w, https:\/\/shiftscoffee.app\/wp-content\/uploads\/2026\/01\/WhatsApp_Image_2025-12-08_at_11.59.50-240x300.webp 240w, https:\/\/shiftscoffee.app\/wp-content\/uploads\/2026\/01\/WhatsApp_Image_2025-12-08_at_11.59.50-768x960.webp 768w, https:\/\/shiftscoffee.app\/wp-content\/uploads\/2026\/01\/WhatsApp_Image_2025-12-08_at_11.59.50-1229x1536.webp 1229w, https:\/\/shiftscoffee.app\/wp-content\/uploads\/2026\/01\/WhatsApp_Image_2025-12-08_at_11.59.50-520x650.webp 520w, https:\/\/shiftscoffee.app\/wp-content\/uploads\/2026\/01\/WhatsApp_Image_2025-12-08_at_11.59.50.webp 1280w\" sizes=\"(max-width: 819px) 100vw, 819px\" \/>\t\t\t\t\t\t\t\t\t\t\t\t\t\t\t<\/div>\n\t\t\t\t<\/div>\n\t\t\t\t<div class=\"elementor-element elementor-element-9681883 elementor-widget__width-initial elementor-widget elementor-widget-heading\" data-id=\"9681883\" data-element_type=\"widget\" data-widget_type=\"heading.default\">\n\t\t\t\t<div class=\"elementor-widget-container\">\n\t\t\t\t\t<h2 class=\"elementor-heading-title elementor-size-default\">Co-fondateur<\/h2>\t\t\t\t<\/div>\n\t\t\t\t<\/div>\n\t\t\t\t<div class=\"elementor-element elementor-element-9120c8a elementor-widget__width-initial elementor-widget elementor-widget-text-editor\" data-id=\"9120c8a\" data-element_type=\"widget\" data-widget_type=\"text-editor.default\">\n\t\t\t\t<div class=\"elementor-widget-container\">\n\t\t\t\t\t\t\t\t\t<p>Barista depuis 10 ans, double champion de France Barista et fondateur de l\u2019\u00e9cole de formation Polygon \u00e0 Paris, Brice rejoint SHIFTS en 2024. Confront\u00e9 au manque de d\u00e9bouch\u00e9s structur\u00e9s pour les \u00e9l\u00e8ves en formation, il apporte au projet sa vision p\u00e9dagogique et son expertise du m\u00e9tier.<\/p>\t\t\t\t\t\t\t\t<\/div>\n\t\t\t\t<\/div>\n\t\t\t\t<\/div>\n\t\t<div class=\"elementor-element elementor-element-e73ca6d e-con-full e-flex e-con e-child\" data-id=\"e73ca6d\" data-element_type=\"container\">\n\t\t\t\t<div class=\"elementor-element elementor-element-826a46f elementor-widget elementor-widget-image\" data-id=\"826a46f\" data-element_type=\"widget\" data-widget_type=\"image.default\">\n\t\t\t\t<div class=\"elementor-widget-container\">\n\t\t\t\t\t\t\t\t\t\t\t\t\t\t\t<img loading=\"lazy\" decoding=\"async\" width=\"819\" height=\"1024\" src=\"https:\/\/shiftscoffee.app\/wp-content\/uploads\/2026\/01\/WhatsApp_Image_2025-12-08_at_11.59.49-819x1024.webp\" class=\"attachment-large size-large wp-image-752\" alt=\"\" srcset=\"https:\/\/shiftscoffee.app\/wp-content\/uploads\/2026\/01\/WhatsApp_Image_2025-12-08_at_11.59.49-819x1024.webp 819w, https:\/\/shiftscoffee.app\/wp-content\/uploads\/2026\/01\/WhatsApp_Image_2025-12-08_at_11.59.49-240x300.webp 240w, https:\/\/shiftscoffee.app\/wp-content\/uploads\/2026\/01\/WhatsApp_Image_2025-12-08_at_11.59.49-768x960.webp 768w, https:\/\/shiftscoffee.app\/wp-content\/uploads\/2026\/01\/WhatsApp_Image_2025-12-08_at_11.59.49-1229x1536.webp 1229w, https:\/\/shiftscoffee.app\/wp-content\/uploads\/2026\/01\/WhatsApp_Image_2025-12-08_at_11.59.49-520x650.webp 520w, https:\/\/shiftscoffee.app\/wp-content\/uploads\/2026\/01\/WhatsApp_Image_2025-12-08_at_11.59.49.webp 1280w\" sizes=\"(max-width: 819px) 100vw, 819px\" \/>\t\t\t\t\t\t\t\t\t\t\t\t\t\t\t<\/div>\n\t\t\t\t<\/div>\n\t\t\t\t<div class=\"elementor-element elementor-element-4120444 elementor-widget__width-initial elementor-widget elementor-widget-heading\" data-id=\"4120444\" data-element_type=\"widget\" data-widget_type=\"heading.default\">\n\t\t\t\t<div class=\"elementor-widget-container\">\n\t\t\t\t\t<h2 class=\"elementor-heading-title elementor-size-default\">Co-fondateur<\/h2>\t\t\t\t<\/div>\n\t\t\t\t<\/div>\n\t\t\t\t<div class=\"elementor-element elementor-element-4e971b1 elementor-widget__width-initial elementor-widget elementor-widget-text-editor\" data-id=\"4e971b1\" data-element_type=\"widget\" data-widget_type=\"text-editor.default\">\n\t\t\t\t<div class=\"elementor-widget-container\">\n\t\t\t\t\t\t\t\t\t<p data-start=\"3800\" data-end=\"3982\">Paul Belgram, co-fondateur de l\u2019atelier de torr\u00e9faction @F\u00e8ve.coffee et directeur artistique, rejoint SHIFTS avec une id\u00e9e simple : donner au projet l\u2019image qu\u2019il m\u00e9rite.<\/p><p data-start=\"3984\" data-end=\"4136\">Parce que mettre en lumi\u00e8re les baristas, leurs gestes et leurs r\u00e9alit\u00e9s, c\u2019est aussi d\u00e9fendre une esth\u00e9tique et une vision juste du caf\u00e9 de sp\u00e9cialit\u00e9.<\/p>\t\t\t\t\t\t\t\t<\/div>\n\t\t\t\t<\/div>\n\t\t\t\t<\/div>\n\t\t\t\t\t<\/div>\n\t\t\t\t<\/div>\n\t\t\t\t<\/div>\n\t\t","protected":false},"excerpt":{"rendered":"<p>La rencontre professionnelle enfin simplifi\u00e9e. Trouver un renfort ou une mission ne devrait jamais \u00eatre compliqu\u00e9.SHIFTS simplifie la mise en relation entre baristas disponibles et coffee shops en recherche de renfort, gr\u00e2ce \u00e0 une plateforme pens\u00e9e pour la r\u00e9alit\u00e9 du terrain : rapide, claire et efficace.Moins d\u2019\u00e9changes inutiles, plus d\u2019efficacit\u00e9, et des opportunit\u00e9s qui se [&hellip;]<\/p>\n","protected":false},"author":1,"featured_media":0,"parent":0,"menu_order":0,"comment_status":"closed","ping_status":"closed","template":"","meta":{"footnotes":""},"class_list":["post-663","page","type-page","status-publish","hentry"],"_links":{"self":[{"href":"https:\/\/shiftscoffee.app\/index.php\/wp-json\/wp\/v2\/pages\/663","targetHints":{"allow":["GET"]}}],"collection":[{"href":"https:\/\/shiftscoffee.app\/index.php\/wp-json\/wp\/v2\/pages"}],"about":[{"href":"https:\/\/shiftscoffee.app\/index.php\/wp-json\/wp\/v2\/types\/page"}],"author":[{"embeddable":true,"href":"https:\/\/shiftscoffee.app\/index.php\/wp-json\/wp\/v2\/users\/1"}],"replies":[{"embeddable":true,"href":"https:\/\/shiftscoffee.app\/index.php\/wp-json\/wp\/v2\/comments?post=663"}],"version-history":[{"count":157,"href":"https:\/\/shiftscoffee.app\/index.php\/wp-json\/wp\/v2\/pages\/663\/revisions"}],"predecessor-version":[{"id":944,"href":"https:\/\/shiftscoffee.app\/index.php\/wp-json\/wp\/v2\/pages\/663\/revisions\/944"}],"wp:attachment":[{"href":"https:\/\/shiftscoffee.app\/index.php\/wp-json\/wp\/v2\/media?parent=663"}],"curies":[{"name":"wp","href":"https:\/\/api.w.org\/{rel}","templated":true}]}}