{"id":870,"date":"2026-01-13T10:42:08","date_gmt":"2026-01-13T10:42:08","guid":{"rendered":"https:\/\/shiftscoffee.app\/?page_id=870"},"modified":"2026-01-14T09:29:14","modified_gmt":"2026-01-14T09:29:14","slug":"mentions-legales","status":"publish","type":"page","link":"https:\/\/shiftscoffee.app\/index.php\/mentions-legales\/","title":{"rendered":"Mentions l\u00e9gales"},"content":{"rendered":"\t\t<div data-elementor-type=\"wp-page\" data-elementor-id=\"870\" class=\"elementor elementor-870\" data-elementor-settings=\"{&quot;element_pack_global_tooltip_width&quot;:{&quot;unit&quot;:&quot;px&quot;,&quot;size&quot;:&quot;&quot;,&quot;sizes&quot;:[]},&quot;element_pack_global_tooltip_width_tablet&quot;:{&quot;unit&quot;:&quot;px&quot;,&quot;size&quot;:&quot;&quot;,&quot;sizes&quot;:[]},&quot;element_pack_global_tooltip_width_mobile&quot;:{&quot;unit&quot;:&quot;px&quot;,&quot;size&quot;:&quot;&quot;,&quot;sizes&quot;:[]},&quot;element_pack_global_tooltip_padding&quot;:{&quot;unit&quot;:&quot;px&quot;,&quot;top&quot;:&quot;&quot;,&quot;right&quot;:&quot;&quot;,&quot;bottom&quot;:&quot;&quot;,&quot;left&quot;:&quot;&quot;,&quot;isLinked&quot;:true},&quot;element_pack_global_tooltip_padding_tablet&quot;:{&quot;unit&quot;:&quot;px&quot;,&quot;top&quot;:&quot;&quot;,&quot;right&quot;:&quot;&quot;,&quot;bottom&quot;:&quot;&quot;,&quot;left&quot;:&quot;&quot;,&quot;isLinked&quot;:true},&quot;element_pack_global_tooltip_padding_mobile&quot;:{&quot;unit&quot;:&quot;px&quot;,&quot;top&quot;:&quot;&quot;,&quot;right&quot;:&quot;&quot;,&quot;bottom&quot;:&quot;&quot;,&quot;left&quot;:&quot;&quot;,&quot;isLinked&quot;:true},&quot;element_pack_global_tooltip_border_radius&quot;:{&quot;unit&quot;:&quot;px&quot;,&quot;top&quot;:&quot;&quot;,&quot;right&quot;:&quot;&quot;,&quot;bottom&quot;:&quot;&quot;,&quot;left&quot;:&quot;&quot;,&quot;isLinked&quot;:true},&quot;element_pack_global_tooltip_border_radius_tablet&quot;:{&quot;unit&quot;:&quot;px&quot;,&quot;top&quot;:&quot;&quot;,&quot;right&quot;:&quot;&quot;,&quot;bottom&quot;:&quot;&quot;,&quot;left&quot;:&quot;&quot;,&quot;isLinked&quot;:true},&quot;element_pack_global_tooltip_border_radius_mobile&quot;:{&quot;unit&quot;:&quot;px&quot;,&quot;top&quot;:&quot;&quot;,&quot;right&quot;:&quot;&quot;,&quot;bottom&quot;:&quot;&quot;,&quot;left&quot;:&quot;&quot;,&quot;isLinked&quot;:true}}\" data-elementor-post-type=\"page\">\n\t\t\t\t<div class=\"elementor-element elementor-element-7a38856 e-flex e-con-boxed e-con e-parent\" data-id=\"7a38856\" data-element_type=\"container\">\n\t\t\t\t\t<div class=\"e-con-inner\">\n\t\t<div class=\"elementor-element elementor-element-b3ee465 e-con-full e-flex e-con e-child\" data-id=\"b3ee465\" data-element_type=\"container\">\n\t\t\t\t<div class=\"elementor-element elementor-element-994a92a elementor-widget elementor-widget-heading\" data-id=\"994a92a\" data-element_type=\"widget\" data-widget_type=\"heading.default\">\n\t\t\t\t<div class=\"elementor-widget-container\">\n\t\t\t\t\t<h2 class=\"elementor-heading-title elementor-size-default\">Mentions l\u00e9gales<\/h2>\t\t\t\t<\/div>\n\t\t\t\t<\/div>\n\t\t\t\t<div class=\"elementor-element elementor-element-c3ad17d elementor-widget elementor-widget-text-editor\" data-id=\"c3ad17d\" data-element_type=\"widget\" data-widget_type=\"text-editor.default\">\n\t\t\t\t<div class=\"elementor-widget-container\">\n\t\t\t\t\t\t\t\t\t<p data-start=\"236\" data-end=\"262\">Propri\u00e9t\u00e9 du site<br \/><strong>SHIFTS<\/strong> (https:\/\/www.societe.com\/societe\/shifts-944931518.html) immatricul\u00e9e sous le R.C.S 944<br \/>931 518 de Paris, au capital social de 1.000 euros et dont le si\u00e8ge social est situ\u00e9 au 61 rue du<br \/>Chemin Vert, 75011 Paris<\/p><p data-start=\"236\" data-end=\"262\">N\u00b0de TVA intracommunautaire : FR24944931518 \/ Siren : 944931518 \/ Siret : 94493151800012<br \/>Activit\u00e9 (code APE) : 6312Z &#8211; Portails internet (La communication d&#8217;informations par des syst\u00e8mes<br \/>t\u00e9l\u00e9matiques et informatiques et notamment la cr\u00e9ation, l&#8217;exploitation et\/ou la gestion d&#8217;un site<br \/>internet permettant la mise en relation entre clients.<\/p><p data-start=\"236\" data-end=\"262\">La prospection de client\u00e8le, le d\u00e9veloppement, la conception, la production, la r\u00e9alisation, l&#8217;administration, la maintenance et le<br \/>d\u00e9veloppement d&#8217;application informatique et mobile. Le conseil et l\u2019accompagnement<br \/>op\u00e9rationnel d&#8217;action de marketing et de communication, notamment dans les domaines des<br \/>activit\u00e9s de barista et dans le caf\u00e9 en g\u00e9n\u00e9ral.)<\/p><p data-start=\"236\" data-end=\"262\">Manon Amand-Houeix est la pr\u00e9sidente et la responsable de la publication de la soci\u00e9t\u00e9.<br \/>Brice Robin en est le directeur g\u00e9n\u00e9ral.<br \/>Si\u00e8ge social : 61 rue du Chemin Vert, 75011 Paris<\/p><p data-start=\"236\" data-end=\"262\">Le site <a href=\"https:\/\/shiftscoffee.app\/\">shiftscoffee.app<\/a> &amp; l\u2019application SHIFTS sont \u00e9dit\u00e9s par <a href=\"https:\/\/appstronaute.com\/\">Appstronaute<\/a><\/p><p data-start=\"236\" data-end=\"262\">Droits d\u2019auteur<br \/>SHIFTS est propri\u00e9taire des droits de propri\u00e9t\u00e9 intellectuelle ou d\u00e9tient les droits d\u2019usage sur tous<br \/>les \u00e9l\u00e9ments accessibles sur le site, notamment les textes, images, graphismes, logo, ic\u00f4nes,<br \/>sons, logiciels.<\/p><p data-start=\"236\" data-end=\"262\">Toute reproduction, repr\u00e9sentation, modification, publication, adaptation de tout ou partie des<br \/>\u00e9l\u00e9ments du site, quel que soit le moyen ou le proc\u00e9d\u00e9 utilis\u00e9, est interdite, sauf autorisation \u00e9crite<br \/>pr\u00e9alable.<\/p><p data-start=\"236\" data-end=\"262\">Toute exploitation non autoris\u00e9e du site ou de l\u2019un quelconque des \u00e9l\u00e9ments qu\u2019il contient sera<br \/>consid\u00e9r\u00e9e comme constitutive d\u2019une contrefa\u00e7on et poursuivie conform\u00e9ment aux dispositions<br \/>des articles L.335-2 et suivants du Code de Propri\u00e9t\u00e9 Intellectuelle.<\/p><p data-start=\"236\" data-end=\"262\">Cr\u00e9dits photo<br \/>Atelier Paul <a href=\"https:\/\/www.instagram.com\/atelierpaul\/\">(https:\/\/www.instagram.com\/atelierpaul\/<\/a>)<\/p>\t\t\t\t\t\t\t\t<\/div>\n\t\t\t\t<\/div>\n\t\t\t\t<\/div>\n\t\t\t\t\t<\/div>\n\t\t\t\t<\/div>\n\t\t\t\t<\/div>\n\t\t","protected":false},"excerpt":{"rendered":"<p>Mentions l\u00e9gales Propri\u00e9t\u00e9 du siteSHIFTS (https:\/\/www.societe.com\/societe\/shifts-944931518.html) immatricul\u00e9e sous le R.C.S 944931 518 de Paris, au capital social de 1.000 euros et dont le si\u00e8ge social est situ\u00e9 au 61 rue duChemin Vert, 75011 Paris N\u00b0de TVA intracommunautaire : FR24944931518 \/ Siren : 944931518 \/ Siret : 94493151800012Activit\u00e9 (code APE) : 6312Z &#8211; Portails internet (La [&hellip;]<\/p>\n","protected":false},"author":1,"featured_media":0,"parent":0,"menu_order":0,"comment_status":"closed","ping_status":"closed","template":"","meta":{"footnotes":""},"class_list":["post-870","page","type-page","status-publish","hentry"],"_links":{"self":[{"href":"https:\/\/shiftscoffee.app\/index.php\/wp-json\/wp\/v2\/pages\/870","targetHints":{"allow":["GET"]}}],"collection":[{"href":"https:\/\/shiftscoffee.app\/index.php\/wp-json\/wp\/v2\/pages"}],"about":[{"href":"https:\/\/shiftscoffee.app\/index.php\/wp-json\/wp\/v2\/types\/page"}],"author":[{"embeddable":true,"href":"https:\/\/shiftscoffee.app\/index.php\/wp-json\/wp\/v2\/users\/1"}],"replies":[{"embeddable":true,"href":"https:\/\/shiftscoffee.app\/index.php\/wp-json\/wp\/v2\/comments?post=870"}],"version-history":[{"count":10,"href":"https:\/\/shiftscoffee.app\/index.php\/wp-json\/wp\/v2\/pages\/870\/revisions"}],"predecessor-version":[{"id":923,"href":"https:\/\/shiftscoffee.app\/index.php\/wp-json\/wp\/v2\/pages\/870\/revisions\/923"}],"wp:attachment":[{"href":"https:\/\/shiftscoffee.app\/index.php\/wp-json\/wp\/v2\/media?parent=870"}],"curies":[{"name":"wp","href":"https:\/\/api.w.org\/{rel}","templated":true}]}}